{"id":55,"date":"2017-05-03T20:30:45","date_gmt":"2017-05-03T20:30:45","guid":{"rendered":"http:\/\/evermindacademy.com\/?page_id=55"},"modified":"2024-03-07T21:13:20","modified_gmt":"2024-03-07T20:13:20","slug":"what-is-npl","status":"publish","type":"page","link":"https:\/\/evenmindacademy.com\/en\/what-is-npl\/","title":{"rendered":"What is NPL?"},"content":{"rendered":"\n<div class=\"wp-block-uagb-container uagb-block-2861693e alignfull uagb-is-root-container\"><div class=\"uagb-container-inner-blocks-wrap\">\n<div class=\"wp-block-uagb-info-box uagb-block-1e8d9acf uagb-infobox__content-wrap  uagb-infobox-icon-above-title uagb-infobox-image-valign-top\"><div class=\"uagb-ifb-content\"><div class=\"uagb-ifb-title-wrap\"><h1 class=\"uagb-ifb-title\">What is NPL?<\/h1><\/div><div class=\"uagb-ifb-separator\"><\/div><\/div><\/div>\n<\/div><\/div>\n\n\n\n<div class=\"wp-block-uagb-container uagb-block-a34753ac alignfull uagb-is-root-container\"><div class=\"uagb-container-inner-blocks-wrap\">\n<div class=\"wp-block-uagb-container uagb-block-28d5f1f8\">\n<div class=\"wp-block-uagb-container uagb-block-83296b5a alignfull uagb-is-root-container\"><div class=\"uagb-container-inner-blocks-wrap\">\n<div class=\"wp-block-uagb-container uagb-block-d95c124c\">\n<figure class=\"wp-block-image size-full\"><img loading=\"lazy\" decoding=\"async\" width=\"570\" height=\"405\" src=\"https:\/\/evenmindacademy.com\/en\/wp-content\/uploads\/2024\/03\/nlp-argentina.jpg\" alt=\"\" class=\"wp-image-6306\" srcset=\"https:\/\/evenmindacademy.com\/en\/wp-content\/uploads\/2024\/03\/nlp-argentina.jpg 570w, https:\/\/evenmindacademy.com\/en\/wp-content\/uploads\/2024\/03\/nlp-argentina-360x256.jpg 360w\" sizes=\"auto, (max-width: 570px) 100vw, 570px\" \/><\/figure>\n<\/div>\n\n\n\n<div class=\"wp-block-uagb-container uagb-block-08a5b596\">\n<div class=\"wp-block-uagb-info-box uagb-block-6570e45a uagb-infobox__content-wrap  uagb-infobox-icon-above-title uagb-infobox-image-valign-top proximos\"><div class=\"uagb-ifb-content\"><div class=\"uagb-ifb-title-wrap\"><h2 class=\"uagb-ifb-title\">Neuro-Linguistic Programming is the practice of coding (as well as decoding) the way that people organize their experience: thinking processes, emotions and language.<\/h2><\/div><\/div><\/div>\n<\/div>\n<\/div><\/div>\n\n\n\n<p>This internal organization works on an unconscious level and determines the results in the response, translated into our performance and behavior, which at the same time leads to another unconscious pattern, with more or with less effectiveness.<\/p>\n\n\n\n<p>Neurology, language and programming are the three most influential elements in the production of experiences, as the Neurological System regulates physiology; Language determines communication (with the others and with ourselves); and Programming defines our behavior from the model of reality we create internally. NLP, then, studies the key dynamics between body, mind, emotions and conduct.<\/p>\n\n\n\n<p>When these conducts prove to be inefficient, it is necessary to change the structure or internal process holding them, for if we want to change the action solely, most probably the change won\u2019t be held in time. To achieve this, NLP provides a set of tools, techniques and models to replace some processes by others, no matter the context or the characteristics of behavior. That\u2019s why it is said that \u201cNLP works with processes, not with content\u201d.<\/p>\n\n\n\n<p>Then, it is very important to apply it at a personal and\/or group level: this system makes the most of any process of communication, change and plan of action to pursue a goal.<\/p>\n\n\n\n<p>NLP takes place every time we want to go from a Present Status to a Desired Status.<\/p>\n<\/div>\n<\/div><\/div>\n","protected":false},"excerpt":{"rendered":"<p>This internal organization works on an unconscious level and determines the results in the response, translated into our performance and behavior, which at the same time leads to another unconscious pattern, with more or with less effectiveness. Neurology, language and programming are the three most influential elements in the production of experiences, as the Neurological [&hellip;]<\/p>\n","protected":false},"author":5,"featured_media":0,"parent":0,"menu_order":0,"comment_status":"closed","ping_status":"closed","template":"","meta":{"_acf_changed":false,"_uag_custom_page_level_css":"","site-sidebar-layout":"default","site-content-layout":"","ast-site-content-layout":"default","site-content-style":"default","site-sidebar-style":"default","ast-global-header-display":"","ast-banner-title-visibility":"","ast-main-header-display":"","ast-hfb-above-header-display":"","ast-hfb-below-header-display":"","ast-hfb-mobile-header-display":"","site-post-title":"disabled","ast-breadcrumbs-content":"","ast-featured-img":"","footer-sml-layout":"","ast-disable-related-posts":"","theme-transparent-header-meta":"","adv-header-id-meta":"","stick-header-meta":"","header-above-stick-meta":"","header-main-stick-meta":"","header-below-stick-meta":"","astra-migrate-meta-layouts":"set","ast-page-background-enabled":"default","ast-page-background-meta":{"desktop":{"background-color":"var(--ast-global-color-4)","background-image":"","background-repeat":"repeat","background-position":"center center","background-size":"auto","background-attachment":"scroll","background-type":"","background-media":"","overlay-type":"","overlay-color":"","overlay-opacity":"","overlay-gradient":""},"tablet":{"background-color":"","background-image":"","background-repeat":"repeat","background-position":"center center","background-size":"auto","background-attachment":"scroll","background-type":"","background-media":"","overlay-type":"","overlay-color":"","overlay-opacity":"","overlay-gradient":""},"mobile":{"background-color":"","background-image":"","background-repeat":"repeat","background-position":"center center","background-size":"auto","background-attachment":"scroll","background-type":"","background-media":"","overlay-type":"","overlay-color":"","overlay-opacity":"","overlay-gradient":""}},"ast-content-background-meta":{"desktop":{"background-color":"var(--ast-global-color-5)","background-image":"","background-repeat":"repeat","background-position":"center center","background-size":"auto","background-attachment":"scroll","background-type":"","background-media":"","overlay-type":"","overlay-color":"","overlay-opacity":"","overlay-gradient":""},"tablet":{"background-color":"var(--ast-global-color-5)","background-image":"","background-repeat":"repeat","background-position":"center center","background-size":"auto","background-attachment":"scroll","background-type":"","background-media":"","overlay-type":"","overlay-color":"","overlay-opacity":"","overlay-gradient":""},"mobile":{"background-color":"var(--ast-global-color-5)","background-image":"","background-repeat":"repeat","background-position":"center center","background-size":"auto","background-attachment":"scroll","background-type":"","background-media":"","overlay-type":"","overlay-color":"","overlay-opacity":"","overlay-gradient":""}},"_joinchat":[],"footnotes":""},"class_list":["post-55","page","type-page","status-publish","hentry"],"acf":[],"yoast_head":"<!-- This site is optimized with the Yoast SEO plugin v27.5 - https:\/\/yoast.com\/product\/yoast-seo-wordpress\/ -->\n<title>\u00bfQu\u00e9 es la PNL Programaci\u00f3n Neuro-Ling\u00fc\u00edstica?<\/title>\n<meta name=\"description\" content=\"La PNL es la pr\u00e1ctica de codificar (y decodificar) la manera en que las personas organizan su experiencia: pensamientos, emociones y lenguaje.\" \/>\n<meta name=\"robots\" content=\"index, follow, max-snippet:-1, max-image-preview:large, max-video-preview:-1\" \/>\n<link rel=\"canonical\" href=\"https:\/\/evenmindacademy.com\/en\/what-is-npl\/\" \/>\n<meta property=\"og:locale\" content=\"es_ES\" \/>\n<meta property=\"og:type\" content=\"article\" \/>\n<meta property=\"og:title\" content=\"\u00bfQu\u00e9 es la PNL Programaci\u00f3n Neuro-Ling\u00fc\u00edstica?\" \/>\n<meta property=\"og:description\" content=\"La PNL es la pr\u00e1ctica de codificar (y decodificar) la manera en que las personas organizan su experiencia: pensamientos, emociones y lenguaje.\" \/>\n<meta property=\"og:url\" content=\"https:\/\/evenmindacademy.com\/en\/what-is-npl\/\" \/>\n<meta property=\"og:site_name\" content=\"Even Mind Academy\" \/>\n<meta property=\"article:modified_time\" content=\"2024-03-07T20:13:20+00:00\" \/>\n<meta property=\"og:image\" content=\"https:\/\/evenmindacademy.com\/en\/wp-content\/uploads\/2024\/03\/nlp-argentina.jpg\" \/>\n<meta name=\"twitter:label1\" content=\"Tiempo de lectura\" \/>\n\t<meta name=\"twitter:data1\" content=\"2 minutos\" \/>\n<script type=\"application\/ld+json\" class=\"yoast-schema-graph\">{\"@context\":\"https:\\\/\\\/schema.org\",\"@graph\":[{\"@type\":\"WebPage\",\"@id\":\"https:\\\/\\\/evenmindacademy.com\\\/en\\\/what-is-npl\\\/\",\"url\":\"https:\\\/\\\/evenmindacademy.com\\\/en\\\/what-is-npl\\\/\",\"name\":\"\u00bfQu\u00e9 es la PNL Programaci\u00f3n Neuro-Ling\u00fc\u00edstica?\",\"isPartOf\":{\"@id\":\"https:\\\/\\\/evenmindacademy.com\\\/en\\\/#website\"},\"primaryImageOfPage\":{\"@id\":\"https:\\\/\\\/evenmindacademy.com\\\/en\\\/what-is-npl\\\/#primaryimage\"},\"image\":{\"@id\":\"https:\\\/\\\/evenmindacademy.com\\\/en\\\/what-is-npl\\\/#primaryimage\"},\"thumbnailUrl\":\"https:\\\/\\\/evenmindacademy.com\\\/en\\\/wp-content\\\/uploads\\\/2024\\\/03\\\/nlp-argentina.jpg\",\"datePublished\":\"2017-05-03T20:30:45+00:00\",\"dateModified\":\"2024-03-07T20:13:20+00:00\",\"description\":\"La PNL es la pr\u00e1ctica de codificar (y decodificar) la manera en que las personas organizan su experiencia: pensamientos, emociones y lenguaje.\",\"breadcrumb\":{\"@id\":\"https:\\\/\\\/evenmindacademy.com\\\/en\\\/what-is-npl\\\/#breadcrumb\"},\"inLanguage\":\"es\",\"potentialAction\":[{\"@type\":\"ReadAction\",\"target\":[\"https:\\\/\\\/evenmindacademy.com\\\/en\\\/what-is-npl\\\/\"]}]},{\"@type\":\"ImageObject\",\"inLanguage\":\"es\",\"@id\":\"https:\\\/\\\/evenmindacademy.com\\\/en\\\/what-is-npl\\\/#primaryimage\",\"url\":\"https:\\\/\\\/evenmindacademy.com\\\/en\\\/wp-content\\\/uploads\\\/2024\\\/03\\\/nlp-argentina.jpg\",\"contentUrl\":\"https:\\\/\\\/evenmindacademy.com\\\/en\\\/wp-content\\\/uploads\\\/2024\\\/03\\\/nlp-argentina.jpg\",\"width\":570,\"height\":405,\"caption\":\"businessman drawing on white wall\"},{\"@type\":\"BreadcrumbList\",\"@id\":\"https:\\\/\\\/evenmindacademy.com\\\/en\\\/what-is-npl\\\/#breadcrumb\",\"itemListElement\":[{\"@type\":\"ListItem\",\"position\":1,\"name\":\"Portada\",\"item\":\"https:\\\/\\\/evenmindacademy.com\\\/en\\\/\"},{\"@type\":\"ListItem\",\"position\":2,\"name\":\"What is NPL?\"}]},{\"@type\":\"WebSite\",\"@id\":\"https:\\\/\\\/evenmindacademy.com\\\/en\\\/#website\",\"url\":\"https:\\\/\\\/evenmindacademy.com\\\/en\\\/\",\"name\":\"Even Mind Academy\",\"description\":\"\",\"potentialAction\":[{\"@type\":\"SearchAction\",\"target\":{\"@type\":\"EntryPoint\",\"urlTemplate\":\"https:\\\/\\\/evenmindacademy.com\\\/en\\\/?s={search_term_string}\"},\"query-input\":{\"@type\":\"PropertyValueSpecification\",\"valueRequired\":true,\"valueName\":\"search_term_string\"}}],\"inLanguage\":\"es\"}]}<\/script>\n<!-- \/ Yoast SEO plugin. -->","yoast_head_json":{"title":"\u00bfQu\u00e9 es la PNL Programaci\u00f3n Neuro-Ling\u00fc\u00edstica?","description":"La PNL es la pr\u00e1ctica de codificar (y decodificar) la manera en que las personas organizan su experiencia: pensamientos, emociones y lenguaje.","robots":{"index":"index","follow":"follow","max-snippet":"max-snippet:-1","max-image-preview":"max-image-preview:large","max-video-preview":"max-video-preview:-1"},"canonical":"https:\/\/evenmindacademy.com\/en\/what-is-npl\/","og_locale":"es_ES","og_type":"article","og_title":"\u00bfQu\u00e9 es la PNL Programaci\u00f3n Neuro-Ling\u00fc\u00edstica?","og_description":"La PNL es la pr\u00e1ctica de codificar (y decodificar) la manera en que las personas organizan su experiencia: pensamientos, emociones y lenguaje.","og_url":"https:\/\/evenmindacademy.com\/en\/what-is-npl\/","og_site_name":"Even Mind Academy","article_modified_time":"2024-03-07T20:13:20+00:00","og_image":[{"url":"https:\/\/evenmindacademy.com\/en\/wp-content\/uploads\/2024\/03\/nlp-argentina.jpg","type":"","width":"","height":""}],"twitter_misc":{"Tiempo de lectura":"2 minutos"},"schema":{"@context":"https:\/\/schema.org","@graph":[{"@type":"WebPage","@id":"https:\/\/evenmindacademy.com\/en\/what-is-npl\/","url":"https:\/\/evenmindacademy.com\/en\/what-is-npl\/","name":"\u00bfQu\u00e9 es la PNL Programaci\u00f3n Neuro-Ling\u00fc\u00edstica?","isPartOf":{"@id":"https:\/\/evenmindacademy.com\/en\/#website"},"primaryImageOfPage":{"@id":"https:\/\/evenmindacademy.com\/en\/what-is-npl\/#primaryimage"},"image":{"@id":"https:\/\/evenmindacademy.com\/en\/what-is-npl\/#primaryimage"},"thumbnailUrl":"https:\/\/evenmindacademy.com\/en\/wp-content\/uploads\/2024\/03\/nlp-argentina.jpg","datePublished":"2017-05-03T20:30:45+00:00","dateModified":"2024-03-07T20:13:20+00:00","description":"La PNL es la pr\u00e1ctica de codificar (y decodificar) la manera en que las personas organizan su experiencia: pensamientos, emociones y lenguaje.","breadcrumb":{"@id":"https:\/\/evenmindacademy.com\/en\/what-is-npl\/#breadcrumb"},"inLanguage":"es","potentialAction":[{"@type":"ReadAction","target":["https:\/\/evenmindacademy.com\/en\/what-is-npl\/"]}]},{"@type":"ImageObject","inLanguage":"es","@id":"https:\/\/evenmindacademy.com\/en\/what-is-npl\/#primaryimage","url":"https:\/\/evenmindacademy.com\/en\/wp-content\/uploads\/2024\/03\/nlp-argentina.jpg","contentUrl":"https:\/\/evenmindacademy.com\/en\/wp-content\/uploads\/2024\/03\/nlp-argentina.jpg","width":570,"height":405,"caption":"businessman drawing on white wall"},{"@type":"BreadcrumbList","@id":"https:\/\/evenmindacademy.com\/en\/what-is-npl\/#breadcrumb","itemListElement":[{"@type":"ListItem","position":1,"name":"Portada","item":"https:\/\/evenmindacademy.com\/en\/"},{"@type":"ListItem","position":2,"name":"What is NPL?"}]},{"@type":"WebSite","@id":"https:\/\/evenmindacademy.com\/en\/#website","url":"https:\/\/evenmindacademy.com\/en\/","name":"Even Mind Academy","description":"","potentialAction":[{"@type":"SearchAction","target":{"@type":"EntryPoint","urlTemplate":"https:\/\/evenmindacademy.com\/en\/?s={search_term_string}"},"query-input":{"@type":"PropertyValueSpecification","valueRequired":true,"valueName":"search_term_string"}}],"inLanguage":"es"}]}},"uagb_featured_image_src":{"full":false,"thumbnail":false,"medium":false,"medium_large":false,"large":false,"1536x1536":false,"2048x2048":false},"uagb_author_info":{"display_name":"Juan Llamosas","author_link":"https:\/\/evenmindacademy.com\/en\/author\/eadmin\/"},"uagb_comment_info":0,"uagb_excerpt":"This internal organization works on an unconscious level and determines the results in the response, translated into our performance and behavior, which at the same time leads to another unconscious pattern, with more or with less effectiveness. Neurology, language and programming are the three most influential elements in the production of experiences, as the Neurological&hellip;","_links":{"self":[{"href":"https:\/\/evenmindacademy.com\/en\/wp-json\/wp\/v2\/pages\/55","targetHints":{"allow":["GET"]}}],"collection":[{"href":"https:\/\/evenmindacademy.com\/en\/wp-json\/wp\/v2\/pages"}],"about":[{"href":"https:\/\/evenmindacademy.com\/en\/wp-json\/wp\/v2\/types\/page"}],"author":[{"embeddable":true,"href":"https:\/\/evenmindacademy.com\/en\/wp-json\/wp\/v2\/users\/5"}],"replies":[{"embeddable":true,"href":"https:\/\/evenmindacademy.com\/en\/wp-json\/wp\/v2\/comments?post=55"}],"version-history":[{"count":3,"href":"https:\/\/evenmindacademy.com\/en\/wp-json\/wp\/v2\/pages\/55\/revisions"}],"predecessor-version":[{"id":6307,"href":"https:\/\/evenmindacademy.com\/en\/wp-json\/wp\/v2\/pages\/55\/revisions\/6307"}],"wp:attachment":[{"href":"https:\/\/evenmindacademy.com\/en\/wp-json\/wp\/v2\/media?parent=55"}],"curies":[{"name":"wp","href":"https:\/\/api.w.org\/{rel}","templated":true}]}}